{"id":2045,"date":"2021-03-15T13:58:16","date_gmt":"2021-03-15T13:58:16","guid":{"rendered":"https:\/\/belamaquina.com.br\/intralogistica\/?page_id=2045"},"modified":"2026-01-28T18:13:28","modified_gmt":"2026-01-28T18:13:28","slug":"projetar-um-melhor-sistema-de-armazenagem","status":"publish","type":"page","link":"https:\/\/belamaquina.com.br\/intralogistica\/automacao\/projetar-um-melhor-sistema-de-armazenagem\/","title":{"rendered":"Projetar um melhor sistema de armazenagem"},"content":{"rendered":"\t\t<div data-elementor-type=\"wp-page\" data-elementor-id=\"2045\" class=\"elementor elementor-2045\">\n\t\t\t\t\t\t\t\t\t<section class=\"elementor-section elementor-top-section elementor-element elementor-element-9918580 elementor-section-items-top elementor-section-height-min-height elementor-section-boxed elementor-section-height-default\" data-id=\"9918580\" data-element_type=\"section\" data-settings=\"{&quot;background_background&quot;:&quot;classic&quot;}\">\n\t\t\t\t\t\t<div class=\"elementor-container elementor-column-gap-default\">\n\t\t\t\t\t<div class=\"elementor-column elementor-col-100 elementor-top-column elementor-element elementor-element-5303802\" data-id=\"5303802\" data-element_type=\"column\">\n\t\t\t<div class=\"elementor-widget-wrap elementor-element-populated\">\n\t\t\t\t\t\t\t\t<div class=\"elementor-element elementor-element-f50b287 elementor-align-left elementor-widget elementor-widget-breadcrumbs\" data-id=\"f50b287\" data-element_type=\"widget\" data-widget_type=\"breadcrumbs.default\">\n\t\t\t\t<div class=\"elementor-widget-container\">\n\t\t\t<p id=\"breadcrumbs\"><span><span><a href=\"https:\/\/belamaquina.com.br\/intralogistica\/\">In\u00edcio<\/a><\/span><\/p>\t\t<\/div>\n\t\t\t\t<\/div>\n\t\t\t\t<section class=\"elementor-section elementor-inner-section elementor-element elementor-element-0dd2c15 elementor-section-content-middle elementor-section-height-min-height elementor-section-boxed elementor-section-height-default\" data-id=\"0dd2c15\" data-element_type=\"section\">\n\t\t\t\t\t\t<div class=\"elementor-container elementor-column-gap-no\">\n\t\t\t\t\t<div class=\"elementor-column elementor-col-100 elementor-inner-column elementor-element elementor-element-336db39\" data-id=\"336db39\" data-element_type=\"column\">\n\t\t\t<div class=\"elementor-widget-wrap elementor-element-populated\">\n\t\t\t\t\t\t\t\t<div class=\"elementor-element elementor-element-1b02fdc elementor-widget elementor-widget-heading\" data-id=\"1b02fdc\" data-element_type=\"widget\" data-widget_type=\"heading.default\">\n\t\t\t\t<div class=\"elementor-widget-container\">\n\t\t\t<h2 class=\"elementor-heading-title elementor-size-default\">Na Bela M\u00e1quina, temos sucesso na solu\u00e7\u00e3o dos problemas mais desafiadores de nossos clientes e conquistamos a reputa\u00e7\u00e3o de projetar melhores sistemas de armazenagem, para automa\u00e7\u00e3o de dep\u00f3sitos e opera\u00e7\u00f5es de atendimento de pedidos.<\/h2>\t\t<\/div>\n\t\t\t\t<\/div>\n\t\t\t\t\t<\/div>\n\t\t<\/div>\n\t\t\t\t\t\t\t<\/div>\n\t\t<\/section>\n\t\t\t\t\t<\/div>\n\t\t<\/div>\n\t\t\t\t\t\t\t<\/div>\n\t\t<\/section>\n\t\t\t\t<section class=\"elementor-section elementor-top-section elementor-element elementor-element-2b99be1 elementor-section-full_width elementor-section-height-default elementor-section-height-default\" data-id=\"2b99be1\" data-element_type=\"section\">\n\t\t\t\t\t\t<div class=\"elementor-container elementor-column-gap-no\">\n\t\t\t\t\t<div class=\"elementor-column elementor-col-50 elementor-top-column elementor-element elementor-element-b6a58d7\" data-id=\"b6a58d7\" data-element_type=\"column\" data-settings=\"{&quot;background_background&quot;:&quot;classic&quot;}\">\n\t\t\t<div class=\"elementor-widget-wrap elementor-element-populated\">\n\t\t\t\t\t\t\t\t<div class=\"elementor-element elementor-element-634df3f elementor-widget elementor-widget-heading\" data-id=\"634df3f\" data-element_type=\"widget\" data-widget_type=\"heading.default\">\n\t\t\t\t<div class=\"elementor-widget-container\">\n\t\t\t<h2 class=\"elementor-heading-title elementor-size-default\">Estudo de Caso da Kamet<\/h2>\t\t<\/div>\n\t\t\t\t<\/div>\n\t\t\t\t<div class=\"elementor-element elementor-element-223395e elementor-widget elementor-widget-heading\" data-id=\"223395e\" data-element_type=\"widget\" data-widget_type=\"heading.default\">\n\t\t\t\t<div class=\"elementor-widget-container\">\n\t\t\t<h2 class=\"elementor-heading-title elementor-size-default\">A solu\u00e7\u00e3o foi a aplica\u00e7\u00e3o de um sistema de armazenamento automatizado de chapas met\u00e1licas, em torre dupla Logitower, 2 carrinhos frontais, despaletizador.<\/h2>\t\t<\/div>\n\t\t\t\t<\/div>\n\t\t\t\t<div class=\"elementor-element elementor-element-05c8128 elementor-widget elementor-widget-button\" data-id=\"05c8128\" data-element_type=\"widget\" data-widget_type=\"button.default\">\n\t\t\t\t<div class=\"elementor-widget-container\">\n\t\t\t\t\t<div class=\"elementor-button-wrapper\">\n\t\t\t<a href=\"https:\/\/belamaquina.com.br\/intralogistica\/kamet\/\" class=\"elementor-button-link elementor-button elementor-size-sm\" role=\"button\">\n\t\t\t\t\t\t<span class=\"elementor-button-content-wrapper\">\n\t\t\t\t\t\t<span class=\"elementor-button-text\">Ver estudo de caso completo<\/span>\n\t\t<\/span>\n\t\t\t\t\t<\/a>\n\t\t<\/div>\n\t\t\t\t<\/div>\n\t\t\t\t<\/div>\n\t\t\t\t\t<\/div>\n\t\t<\/div>\n\t\t\t\t<div class=\"elementor-column elementor-col-50 elementor-top-column elementor-element elementor-element-de13a5f\" data-id=\"de13a5f\" data-element_type=\"column\">\n\t\t\t<div class=\"elementor-widget-wrap elementor-element-populated\">\n\t\t\t\t\t\t\t\t<div class=\"elementor-element elementor-element-6c30636 elementor-cta--skin-classic elementor-animated-content elementor-widget elementor-widget-call-to-action\" data-id=\"6c30636\" data-element_type=\"widget\" data-widget_type=\"call-to-action.default\">\n\t\t\t\t<div class=\"elementor-widget-container\">\n\t\t\t\t\t<div  class=\"elementor-cta\">\n\t\t\t\t\t<div class=\"elementor-cta__bg-wrapper\">\n\t\t\t\t<div class=\"elementor-cta__bg elementor-bg\" style=\"background-image: url(https:\/\/belamaquina.com.br\/intralogistica\/wp-content\/uploads\/2021\/03\/Kamet-bm4.png);\"><\/div>\n\t\t\t\t<div class=\"elementor-cta__bg-overlay\"><\/div>\n\t\t\t<\/div>\n\t\t\t\t\t\t\t\t<\/div>\n\t\t\t\t<\/div>\n\t\t\t\t<\/div>\n\t\t\t\t\t<\/div>\n\t\t<\/div>\n\t\t\t\t\t\t\t<\/div>\n\t\t<\/section>\n\t\t\t\t\t\t\t<\/div>\n\t\t","protected":false},"excerpt":{"rendered":"<p>Na Bela M\u00e1quina, temos sucesso na solu\u00e7\u00e3o dos problemas mais desafiadores de nossos clientes e conquistamos a reputa\u00e7\u00e3o de projetar melhores sistemas de armazenagem, para automa\u00e7\u00e3o de dep\u00f3sitos e opera\u00e7\u00f5es de atendimento de pedidos. Estudo de Caso da Kamet A solu\u00e7\u00e3o foi a aplica\u00e7\u00e3o de um sistema de armazenamento automatizado de chapas met\u00e1licas, em torre [&hellip;]<\/p>\n","protected":false},"author":1,"featured_media":0,"parent":343,"menu_order":0,"comment_status":"closed","ping_status":"closed","template":"elementor_header_footer","meta":{"footnotes":""},"class_list":["post-2045","page","type-page","status-publish","hentry"],"yoast_head":"<!-- This site is optimized with the Yoast SEO plugin v18.7 - https:\/\/yoast.com\/wordpress\/plugins\/seo\/ -->\n<title>Projetar um melhor sistema de armazenagem - Bela M\u00e1quina Solu\u00e7\u00f5es em Tecnologia<\/title>\n<meta name=\"robots\" content=\"index, follow, max-snippet:-1, max-image-preview:large, max-video-preview:-1\" \/>\n<link rel=\"canonical\" href=\"https:\/\/belamaquina.com.br\/intralogistica\/automacao\/projetar-um-melhor-sistema-de-armazenagem\/\" \/>\n<meta property=\"og:locale\" content=\"pt_BR\" \/>\n<meta property=\"og:type\" content=\"article\" \/>\n<meta property=\"og:title\" content=\"Projetar um melhor sistema de armazenagem - Bela M\u00e1quina Solu\u00e7\u00f5es em Tecnologia\" \/>\n<meta property=\"og:description\" content=\"Na Bela M\u00e1quina, temos sucesso na solu\u00e7\u00e3o dos problemas mais desafiadores de nossos clientes e conquistamos a reputa\u00e7\u00e3o de projetar melhores sistemas de armazenagem, para automa\u00e7\u00e3o de dep\u00f3sitos e opera\u00e7\u00f5es de atendimento de pedidos. Estudo de Caso da Kamet A solu\u00e7\u00e3o foi a aplica\u00e7\u00e3o de um sistema de armazenamento automatizado de chapas met\u00e1licas, em torre [&hellip;]\" \/>\n<meta property=\"og:url\" content=\"https:\/\/belamaquina.com.br\/intralogistica\/automacao\/projetar-um-melhor-sistema-de-armazenagem\/\" \/>\n<meta property=\"og:site_name\" content=\"Bela M\u00e1quina Solu\u00e7\u00f5es em Tecnologia\" \/>\n<meta property=\"article:modified_time\" content=\"2026-01-28T18:13:28+00:00\" \/>\n<meta property=\"og:image\" content=\"https:\/\/belamaquina.com.br\/intralogistica\/wp-content\/uploads\/2021\/04\/1617459617450.png\" \/>\n\t<meta property=\"og:image:width\" content=\"720\" \/>\n\t<meta property=\"og:image:height\" content=\"405\" \/>\n\t<meta property=\"og:image:type\" content=\"image\/png\" \/>\n<meta name=\"twitter:card\" content=\"summary_large_image\" \/>\n<meta name=\"twitter:label1\" content=\"Est. tempo de leitura\" \/>\n\t<meta name=\"twitter:data1\" content=\"1 minuto\" \/>\n<script type=\"application\/ld+json\" class=\"yoast-schema-graph\">{\"@context\":\"https:\/\/schema.org\",\"@graph\":[{\"@type\":\"Organization\",\"@id\":\"https:\/\/belamaquina.com.br\/intralogistica\/#organization\",\"name\":\"Bela M\u00e1quina Solu\u00e7\u00f5es em Tecnologia\",\"url\":\"https:\/\/belamaquina.com.br\/intralogistica\/\",\"sameAs\":[\"https:\/\/www.linkedin.com\/company\/belamaquina\/\",\"https:\/\/www.youtube.com\/channel\/UCBDSvA1OVsM6BTF-vETSgSQ\"],\"logo\":{\"@type\":\"ImageObject\",\"inLanguage\":\"pt-BR\",\"@id\":\"https:\/\/belamaquina.com.br\/intralogistica\/#\/schema\/logo\/image\/\",\"url\":\"https:\/\/belamaquina.com.br\/intralogistica\/wp-content\/uploads\/2021\/02\/Sem-fundo_Preto.png\",\"contentUrl\":\"https:\/\/belamaquina.com.br\/intralogistica\/wp-content\/uploads\/2021\/02\/Sem-fundo_Preto.png\",\"width\":3297,\"height\":1574,\"caption\":\"Bela M\u00e1quina Solu\u00e7\u00f5es em Tecnologia\"},\"image\":{\"@id\":\"https:\/\/belamaquina.com.br\/intralogistica\/#\/schema\/logo\/image\/\"}},{\"@type\":\"WebSite\",\"@id\":\"https:\/\/belamaquina.com.br\/intralogistica\/#website\",\"url\":\"https:\/\/belamaquina.com.br\/intralogistica\/\",\"name\":\"Bela M\u00e1quina Solu\u00e7\u00f5es em Tecnologia\",\"description\":\"\",\"publisher\":{\"@id\":\"https:\/\/belamaquina.com.br\/intralogistica\/#organization\"},\"potentialAction\":[{\"@type\":\"SearchAction\",\"target\":{\"@type\":\"EntryPoint\",\"urlTemplate\":\"https:\/\/belamaquina.com.br\/intralogistica\/?s={search_term_string}\"},\"query-input\":\"required name=search_term_string\"}],\"inLanguage\":\"pt-BR\"},{\"@type\":\"WebPage\",\"@id\":\"https:\/\/belamaquina.com.br\/intralogistica\/automacao\/projetar-um-melhor-sistema-de-armazenagem\/#webpage\",\"url\":\"https:\/\/belamaquina.com.br\/intralogistica\/automacao\/projetar-um-melhor-sistema-de-armazenagem\/\",\"name\":\"Projetar um melhor sistema de armazenagem - Bela M\u00e1quina Solu\u00e7\u00f5es em Tecnologia\",\"isPartOf\":{\"@id\":\"https:\/\/belamaquina.com.br\/intralogistica\/#website\"},\"datePublished\":\"2021-03-15T13:58:16+00:00\",\"dateModified\":\"2026-01-28T18:13:28+00:00\",\"breadcrumb\":{\"@id\":\"https:\/\/belamaquina.com.br\/intralogistica\/automacao\/projetar-um-melhor-sistema-de-armazenagem\/#breadcrumb\"},\"inLanguage\":\"pt-BR\",\"potentialAction\":[{\"@type\":\"ReadAction\",\"target\":[\"https:\/\/belamaquina.com.br\/intralogistica\/automacao\/projetar-um-melhor-sistema-de-armazenagem\/\"]}]},{\"@type\":\"BreadcrumbList\",\"@id\":\"https:\/\/belamaquina.com.br\/intralogistica\/automacao\/projetar-um-melhor-sistema-de-armazenagem\/#breadcrumb\",\"itemListElement\":[{\"@type\":\"ListItem\",\"position\":1,\"name\":\"In\u00edcio\",\"item\":\"https:\/\/belamaquina.com.br\/intralogistica\/\"},{\"@type\":\"ListItem\",\"position\":2,\"name\":\"Automa\u00e7\u00e3o\",\"item\":\"https:\/\/belamaquina.com.br\/intralogistica\/\"},{\"@type\":\"ListItem\",\"position\":3,\"name\":\"Projetar um melhor sistema de armazenagem\"}]}]}<\/script>\n<!-- \/ Yoast SEO plugin. -->","yoast_head_json":{"title":"Projetar um melhor sistema de armazenagem - Bela M\u00e1quina Solu\u00e7\u00f5es em Tecnologia","robots":{"index":"index","follow":"follow","max-snippet":"max-snippet:-1","max-image-preview":"max-image-preview:large","max-video-preview":"max-video-preview:-1"},"canonical":"https:\/\/belamaquina.com.br\/intralogistica\/automacao\/projetar-um-melhor-sistema-de-armazenagem\/","og_locale":"pt_BR","og_type":"article","og_title":"Projetar um melhor sistema de armazenagem - Bela M\u00e1quina Solu\u00e7\u00f5es em Tecnologia","og_description":"Na Bela M\u00e1quina, temos sucesso na solu\u00e7\u00e3o dos problemas mais desafiadores de nossos clientes e conquistamos a reputa\u00e7\u00e3o de projetar melhores sistemas de armazenagem, para automa\u00e7\u00e3o de dep\u00f3sitos e opera\u00e7\u00f5es de atendimento de pedidos. Estudo de Caso da Kamet A solu\u00e7\u00e3o foi a aplica\u00e7\u00e3o de um sistema de armazenamento automatizado de chapas met\u00e1licas, em torre [&hellip;]","og_url":"https:\/\/belamaquina.com.br\/intralogistica\/automacao\/projetar-um-melhor-sistema-de-armazenagem\/","og_site_name":"Bela M\u00e1quina Solu\u00e7\u00f5es em Tecnologia","article_modified_time":"2026-01-28T18:13:28+00:00","og_image":[{"width":720,"height":405,"url":"https:\/\/belamaquina.com.br\/intralogistica\/wp-content\/uploads\/2021\/04\/1617459617450.png","type":"image\/png"}],"twitter_card":"summary_large_image","twitter_misc":{"Est. tempo de leitura":"1 minuto"},"schema":{"@context":"https:\/\/schema.org","@graph":[{"@type":"Organization","@id":"https:\/\/belamaquina.com.br\/intralogistica\/#organization","name":"Bela M\u00e1quina Solu\u00e7\u00f5es em Tecnologia","url":"https:\/\/belamaquina.com.br\/intralogistica\/","sameAs":["https:\/\/www.linkedin.com\/company\/belamaquina\/","https:\/\/www.youtube.com\/channel\/UCBDSvA1OVsM6BTF-vETSgSQ"],"logo":{"@type":"ImageObject","inLanguage":"pt-BR","@id":"https:\/\/belamaquina.com.br\/intralogistica\/#\/schema\/logo\/image\/","url":"https:\/\/belamaquina.com.br\/intralogistica\/wp-content\/uploads\/2021\/02\/Sem-fundo_Preto.png","contentUrl":"https:\/\/belamaquina.com.br\/intralogistica\/wp-content\/uploads\/2021\/02\/Sem-fundo_Preto.png","width":3297,"height":1574,"caption":"Bela M\u00e1quina Solu\u00e7\u00f5es em Tecnologia"},"image":{"@id":"https:\/\/belamaquina.com.br\/intralogistica\/#\/schema\/logo\/image\/"}},{"@type":"WebSite","@id":"https:\/\/belamaquina.com.br\/intralogistica\/#website","url":"https:\/\/belamaquina.com.br\/intralogistica\/","name":"Bela M\u00e1quina Solu\u00e7\u00f5es em Tecnologia","description":"","publisher":{"@id":"https:\/\/belamaquina.com.br\/intralogistica\/#organization"},"potentialAction":[{"@type":"SearchAction","target":{"@type":"EntryPoint","urlTemplate":"https:\/\/belamaquina.com.br\/intralogistica\/?s={search_term_string}"},"query-input":"required name=search_term_string"}],"inLanguage":"pt-BR"},{"@type":"WebPage","@id":"https:\/\/belamaquina.com.br\/intralogistica\/automacao\/projetar-um-melhor-sistema-de-armazenagem\/#webpage","url":"https:\/\/belamaquina.com.br\/intralogistica\/automacao\/projetar-um-melhor-sistema-de-armazenagem\/","name":"Projetar um melhor sistema de armazenagem - Bela M\u00e1quina Solu\u00e7\u00f5es em Tecnologia","isPartOf":{"@id":"https:\/\/belamaquina.com.br\/intralogistica\/#website"},"datePublished":"2021-03-15T13:58:16+00:00","dateModified":"2026-01-28T18:13:28+00:00","breadcrumb":{"@id":"https:\/\/belamaquina.com.br\/intralogistica\/automacao\/projetar-um-melhor-sistema-de-armazenagem\/#breadcrumb"},"inLanguage":"pt-BR","potentialAction":[{"@type":"ReadAction","target":["https:\/\/belamaquina.com.br\/intralogistica\/automacao\/projetar-um-melhor-sistema-de-armazenagem\/"]}]},{"@type":"BreadcrumbList","@id":"https:\/\/belamaquina.com.br\/intralogistica\/automacao\/projetar-um-melhor-sistema-de-armazenagem\/#breadcrumb","itemListElement":[{"@type":"ListItem","position":1,"name":"In\u00edcio","item":"https:\/\/belamaquina.com.br\/intralogistica\/"},{"@type":"ListItem","position":2,"name":"Automa\u00e7\u00e3o","item":"https:\/\/belamaquina.com.br\/intralogistica\/"},{"@type":"ListItem","position":3,"name":"Projetar um melhor sistema de armazenagem"}]}]}},"_links":{"self":[{"href":"https:\/\/belamaquina.com.br\/intralogistica\/wp-json\/wp\/v2\/pages\/2045","targetHints":{"allow":["GET"]}}],"collection":[{"href":"https:\/\/belamaquina.com.br\/intralogistica\/wp-json\/wp\/v2\/pages"}],"about":[{"href":"https:\/\/belamaquina.com.br\/intralogistica\/wp-json\/wp\/v2\/types\/page"}],"author":[{"embeddable":true,"href":"https:\/\/belamaquina.com.br\/intralogistica\/wp-json\/wp\/v2\/users\/1"}],"replies":[{"embeddable":true,"href":"https:\/\/belamaquina.com.br\/intralogistica\/wp-json\/wp\/v2\/comments?post=2045"}],"version-history":[{"count":6,"href":"https:\/\/belamaquina.com.br\/intralogistica\/wp-json\/wp\/v2\/pages\/2045\/revisions"}],"predecessor-version":[{"id":6167,"href":"https:\/\/belamaquina.com.br\/intralogistica\/wp-json\/wp\/v2\/pages\/2045\/revisions\/6167"}],"up":[{"embeddable":true,"href":"https:\/\/belamaquina.com.br\/intralogistica\/wp-json\/wp\/v2\/pages\/343"}],"wp:attachment":[{"href":"https:\/\/belamaquina.com.br\/intralogistica\/wp-json\/wp\/v2\/media?parent=2045"}],"curies":[{"name":"wp","href":"https:\/\/api.w.org\/{rel}","templated":true}]}}